{"id":100,"date":"2024-09-11T20:17:50","date_gmt":"2024-09-11T18:17:50","guid":{"rendered":"https:\/\/marinasital.com\/?page_id=100"},"modified":"2024-09-12T08:30:55","modified_gmt":"2024-09-12T06:30:55","slug":"accueil-marina-sital-consulting","status":"publish","type":"page","link":"https:\/\/marinasital.com\/","title":{"rendered":"Accueil Marina Sital Consulting"},"content":{"rendered":"\n<div class=\"wp-block-cover\" style=\"min-height:430px;aspect-ratio:unset;\"><span aria-hidden=\"true\" class=\"wp-block-cover__background has-background-dim\"><\/span><img loading=\"lazy\" decoding=\"async\" width=\"1012\" height=\"674\" class=\"wp-block-cover__image-background wp-image-35\" alt=\"Marina Sital formatrice et consultante Linkedin\" src=\"https:\/\/marinasital.com\/wp-content\/uploads\/2024\/09\/Capture-decran-2024-09-10-a-11.36.51.png\" data-object-fit=\"cover\" srcset=\"https:\/\/marinasital.com\/wp-content\/uploads\/2024\/09\/Capture-decran-2024-09-10-a-11.36.51.png 1012w, https:\/\/marinasital.com\/wp-content\/uploads\/2024\/09\/Capture-decran-2024-09-10-a-11.36.51-300x200.png 300w, https:\/\/marinasital.com\/wp-content\/uploads\/2024\/09\/Capture-decran-2024-09-10-a-11.36.51-768x511.png 768w\" sizes=\"auto, (max-width: 1012px) 100vw, 1012px\" \/><div class=\"wp-block-cover__inner-container is-layout-flow wp-block-cover-is-layout-flow\">\n<h2 class=\"wp-block-heading has-text-align-left has-ast-global-color-5-color has-text-color has-link-color wp-elements-0066637f5cb859a117cd2757893a97ac\"><strong>D\u00e9veloppez votre r\u00e9seau gr\u00e2ce \u00e0 Linkedin<\/strong><\/h2>\n\n\n\n<div class=\"wp-block-buttons is-layout-flex wp-block-buttons-is-layout-flex\">\n<div class=\"wp-block-button is-style-fill\"><a class=\"wp-block-button__link has-ast-global-color-5-color has-text-color has-link-color wp-element-button\" href=\"https:\/\/calendly.com\/marinasital\/15min?month=2024-09\" target=\"_blank\" rel=\"noreferrer noopener\">R\u00e9servez un appel<\/a><\/div>\n<\/div>\n<\/div><\/div>\n\n\n\n<hr class=\"wp-block-separator has-text-color has-ast-global-color-0-color has-alpha-channel-opacity has-ast-global-color-0-background-color has-background\"\/>\n\n\n\n<h2 class=\"wp-block-heading\">Mes services<\/h2>\n\n\n\n<div class=\"wp-block-columns has-ast-global-color-4-background-color has-background is-layout-flex wp-container-core-columns-is-layout-28f84493 wp-block-columns-is-layout-flex\">\n<div class=\"wp-block-column is-layout-flow wp-block-column-is-layout-flow\">\n<h3 class=\"wp-block-heading has-ast-global-color-0-color has-text-color has-link-color has-medium-font-size wp-elements-c6df31b75ba5e8515f4788c4d38757ec\">Audit Linkedin<\/h3>\n\n\n\n<p>J&rsquo;analyse votre profil et votre strat\u00e9gie, puis je vous propose des recommandations sur-mesure, accompagn\u00e9es d&rsquo;un suivi pour garantir les r\u00e9sultats.<\/p>\n<\/div>\n\n\n\n<div class=\"wp-block-column is-layout-flow wp-block-column-is-layout-flow\">\n<h3 class=\"wp-block-heading has-ast-global-color-0-color has-text-color has-link-color has-medium-font-size wp-elements-680f29b73a586c0d5a319969bc09351f\">Formation Linkedin Certifi\u00e9e<\/h3>\n\n\n\n<p>Pour apprendre \u00e0 communiquer et prospecter sur LinkedIn.<\/p>\n<\/div>\n\n\n\n<div class=\"wp-block-column is-layout-flow wp-block-column-is-layout-flow\">\n<h3 class=\"wp-block-heading has-ast-global-color-0-color has-text-color has-link-color has-medium-font-size wp-elements-0159be7efed9c0311ddf1727b43929e8\">Accompagnement Linkedin<\/h3>\n\n\n\n<p>Je pilote votre strat\u00e9gie LinkedIn afin de vous aider \u00e0 atteindre vos objectifs.<\/p>\n<\/div>\n<\/div>\n\n\n\n<hr class=\"wp-block-separator has-text-color has-ast-global-color-0-color has-alpha-channel-opacity has-ast-global-color-0-background-color has-background\"\/>\n\n\n\n<h2 class=\"wp-block-heading\">T\u00e9moignages<\/h2>\n\n\n\n<blockquote class=\"wp-block-quote is-layout-flow wp-block-quote-is-layout-flow\">\n<p class=\"has-ast-global-color-0-color has-text-color has-link-color has-medium-font-size wp-elements-4df0e48c70bde6ca70bbf972d5154ee1\">\u00ab\u00a0<\/p>\n\n\n\n<p class=\"has-link-color has-medium-font-size wp-elements-62170c21ecf8605142a03903b24d88b5\">Marina excelle dans l&rsquo;optimisation des profils LinkedIn pour attirer les opportunit\u00e9s professionnelles. Son expertise strat\u00e9gique garantit des profils percutants qui captent l&rsquo;attention des recruteurs et des employeurs potentiels.<\/p>\n<\/blockquote>\n\n\n\n<figure class=\"wp-block-image size-full is-resized is-style-rounded\"><img loading=\"lazy\" decoding=\"async\" width=\"100\" height=\"100\" src=\"https:\/\/marinasital.com\/wp-content\/uploads\/2024\/09\/1707559277487.jpg\" alt=\"\" class=\"wp-image-18\" style=\"width:57px;height:auto\"\/><figcaption class=\"wp-element-caption\">Ilyaas Mollan, G\u00e9rant Mollan Importateur Grossiste<\/figcaption><\/figure>\n\n\n\n<blockquote class=\"wp-block-quote is-layout-flow wp-block-quote-is-layout-flow\">\n<p class=\"has-ast-global-color-0-color has-text-color has-link-color wp-elements-cb314986e825e4db3fdfd893f2b81e76\">\u00ab\u00a0<\/p>\n\n\n\n<p class=\"has-medium-font-size\">Marina a \u00e9t\u00e9 un atout ind\u00e9niable dans notre aventure LinkedIn chez Offital. C\u2019est un plaisir d\u2019\u00e9changer et de collaborer ensemble. Je vous la recommande vivement !<\/p>\n<\/blockquote>\n\n\n\n<figure class=\"wp-block-image size-full is-resized is-style-rounded\"><img loading=\"lazy\" decoding=\"async\" width=\"100\" height=\"100\" src=\"https:\/\/marinasital.com\/wp-content\/uploads\/2024\/09\/1709641531999-1.jpg\" alt=\"\" class=\"wp-image-21\" style=\"width:68px;height:auto\"\/><figcaption class=\"wp-element-caption\">Shenaz Zadvat, Cheffe d&rsquo;entreprise d&rsquo;Offital<\/figcaption><\/figure>\n\n\n\n<blockquote class=\"wp-block-quote is-layout-flow wp-block-quote-is-layout-flow\">\n<p class=\"has-ast-global-color-0-color has-text-color has-link-color has-medium-font-size wp-elements-4df0e48c70bde6ca70bbf972d5154ee1\">\u00ab\u00a0<\/p>\n\n\n\n<p class=\"has-medium-font-size\">Super formatrice Linkedin, elle g\u00e8re !<\/p>\n<\/blockquote>\n\n\n\n<figure class=\"wp-block-image size-full is-resized is-style-rounded\"><img loading=\"lazy\" decoding=\"async\" width=\"200\" height=\"200\" src=\"https:\/\/marinasital.com\/wp-content\/uploads\/2024\/09\/1703052353657.jpg\" alt=\"\" class=\"wp-image-22\" style=\"width:68px;height:auto\" srcset=\"https:\/\/marinasital.com\/wp-content\/uploads\/2024\/09\/1703052353657.jpg 200w, https:\/\/marinasital.com\/wp-content\/uploads\/2024\/09\/1703052353657-150x150.jpg 150w\" sizes=\"auto, (max-width: 200px) 100vw, 200px\" \/><figcaption class=\"wp-element-caption\">Gregory Blard, CEO Arrang\u00e9 Blard<\/figcaption><\/figure>\n\n\n\n<hr class=\"wp-block-separator has-text-color has-ast-global-color-0-color has-alpha-channel-opacity has-ast-global-color-0-background-color has-background\"\/>\n\n\n\n<h2 class=\"wp-block-heading\">A propos de moi<\/h2>\n\n\n\n<div class=\"wp-block-columns is-layout-flex wp-container-core-columns-is-layout-28f84493 wp-block-columns-is-layout-flex\">\n<div class=\"wp-block-column is-layout-flow wp-block-column-is-layout-flow\">\n<figure class=\"wp-block-image size-full\"><img loading=\"lazy\" decoding=\"async\" width=\"594\" height=\"890\" src=\"https:\/\/marinasital.com\/wp-content\/uploads\/2024\/09\/Capture-decran-2024-09-10-a-11.38.08.png\" alt=\"Marina Sital portrait\" class=\"wp-image-37\" srcset=\"https:\/\/marinasital.com\/wp-content\/uploads\/2024\/09\/Capture-decran-2024-09-10-a-11.38.08.png 594w, https:\/\/marinasital.com\/wp-content\/uploads\/2024\/09\/Capture-decran-2024-09-10-a-11.38.08-200x300.png 200w\" sizes=\"auto, (max-width: 594px) 100vw, 594px\" \/><figcaption class=\"wp-element-caption\">Photo Bruno Dennemont<\/figcaption><\/figure>\n<\/div>\n\n\n\n<div class=\"wp-block-column is-layout-flow wp-block-column-is-layout-flow\">\n<p>Je m&rsquo;appelle <strong>Marina Sital<\/strong> et depuis\u00a0<strong>3 ans<\/strong>, j\u2019accompagne les professionnels sur <strong>LinkedIn<\/strong>, un r\u00e9seau social que j&rsquo;adore !<\/p>\n\n\n\n<p>Mon objectif ? Aider mes clients \u00e0 :<\/p>\n\n\n\n<ul class=\"wp-block-list\">\n<li><strong>Booster leur notori\u00e9t\u00e9<\/strong>,<\/li>\n\n\n\n<li><strong>Trouver des contacts qualifi\u00e9s<\/strong>,<\/li>\n\n\n\n<li><strong>Renforcer leur marque employeur<\/strong>.<\/li>\n<\/ul>\n\n\n\n<p>Ce qui guide mon travail, ce sont mes <strong>valeurs<\/strong>. <\/p>\n\n\n\n<p>Pour moi, <strong>l&rsquo;authenticit\u00e9<\/strong> est primordiale : c&rsquo;est en \u00e9tant vrai et transparent qu&rsquo;on cr\u00e9e des relations durables et de confiance. <\/p>\n\n\n\n<p>Quant \u00e0 l&rsquo;<strong>innovation<\/strong>, elle me pousse chaque jour \u00e0 sortir des sentiers battus et \u00e0 encourager mes clients \u00e0 faire de m\u00eame. J\u2019aime explorer de nouvelles approches, oser, et repousser les limites pour atteindre des r\u00e9sultats concrets.<\/p>\n\n\n\n<p>Vous souhaitez me contacter pour \u00e9changer sur vos objectifs ? Prenez RDV en ligne&nbsp;<a href=\"https:\/\/calendly.com\/marinasital\/15min?month=2024-09\" target=\"_blank\" rel=\"noreferrer noopener\">ici<\/a><\/p>\n<\/div>\n<\/div>\n\n\n\n<hr class=\"wp-block-separator has-text-color has-ast-global-color-0-color has-alpha-channel-opacity has-ast-global-color-0-background-color has-background\"\/>\n\n\n\n<p class=\"has-text-align-center has-large-font-size\"><strong>Contactez-moi pour atteindre vos objectifs sur Linkedin.<\/strong><\/p>\n\n\n\n<div class=\"wp-block-buttons is-content-justification-center is-layout-flex wp-container-core-buttons-is-layout-a89b3969 wp-block-buttons-is-layout-flex\">\n<div class=\"wp-block-button\"><a class=\"wp-block-button__link has-text-align-center wp-element-button\">R\u00e9servez un appel de 15min<\/a><\/div>\n<\/div>\n\n\n\n<hr class=\"wp-block-separator has-text-color has-ast-global-color-0-color has-alpha-channel-opacity has-ast-global-color-0-background-color has-background\"\/>\n","protected":false},"excerpt":{"rendered":"<p>Mes services Audit Linkedin J&rsquo;analyse votre profil et votre strat\u00e9gie, puis je vous propose des recommandations sur-mesure, accompagn\u00e9es d&rsquo;un suivi [&hellip;]<\/p>\n","protected":false},"author":1,"featured_media":0,"parent":0,"menu_order":0,"comment_status":"closed","ping_status":"closed","template":"","meta":{"site-sidebar-layout":"default","site-content-layout":"","ast-site-content-layout":"","site-content-style":"default","site-sidebar-style":"default","ast-global-header-display":"","ast-banner-title-visibility":"","ast-main-header-display":"","ast-hfb-above-header-display":"","ast-hfb-below-header-display":"","ast-hfb-mobile-header-display":"","site-post-title":"disabled","ast-breadcrumbs-content":"","ast-featured-img":"","footer-sml-layout":"","theme-transparent-header-meta":"","adv-header-id-meta":"","stick-header-meta":"","header-above-stick-meta":"","header-main-stick-meta":"","header-below-stick-meta":"","astra-migrate-meta-layouts":"default","ast-page-background-enabled":"default","ast-page-background-meta":{"desktop":{"background-color":"var(--ast-global-color-4)","background-image":"","background-repeat":"repeat","background-position":"center center","background-size":"auto","background-attachment":"scroll","background-type":"","background-media":"","overlay-type":"","overlay-color":"","overlay-opacity":"","overlay-gradient":""},"tablet":{"background-color":"","background-image":"","background-repeat":"repeat","background-position":"center center","background-size":"auto","background-attachment":"scroll","background-type":"","background-media":"","overlay-type":"","overlay-color":"","overlay-opacity":"","overlay-gradient":""},"mobile":{"background-color":"","background-image":"","background-repeat":"repeat","background-position":"center center","background-size":"auto","background-attachment":"scroll","background-type":"","background-media":"","overlay-type":"","overlay-color":"","overlay-opacity":"","overlay-gradient":""}},"ast-content-background-meta":{"desktop":{"background-color":"var(--ast-global-color-5)","background-image":"","background-repeat":"repeat","background-position":"center center","background-size":"auto","background-attachment":"scroll","background-type":"","background-media":"","overlay-type":"","overlay-color":"","overlay-opacity":"","overlay-gradient":""},"tablet":{"background-color":"var(--ast-global-color-5)","background-image":"","background-repeat":"repeat","background-position":"center center","background-size":"auto","background-attachment":"scroll","background-type":"","background-media":"","overlay-type":"","overlay-color":"","overlay-opacity":"","overlay-gradient":""},"mobile":{"background-color":"var(--ast-global-color-5)","background-image":"","background-repeat":"repeat","background-position":"center center","background-size":"auto","background-attachment":"scroll","background-type":"","background-media":"","overlay-type":"","overlay-color":"","overlay-opacity":"","overlay-gradient":""}},"footnotes":""},"class_list":["post-100","page","type-page","status-publish","hentry"],"_links":{"self":[{"href":"https:\/\/marinasital.com\/index.php\/wp-json\/wp\/v2\/pages\/100","targetHints":{"allow":["GET"]}}],"collection":[{"href":"https:\/\/marinasital.com\/index.php\/wp-json\/wp\/v2\/pages"}],"about":[{"href":"https:\/\/marinasital.com\/index.php\/wp-json\/wp\/v2\/types\/page"}],"author":[{"embeddable":true,"href":"https:\/\/marinasital.com\/index.php\/wp-json\/wp\/v2\/users\/1"}],"replies":[{"embeddable":true,"href":"https:\/\/marinasital.com\/index.php\/wp-json\/wp\/v2\/comments?post=100"}],"version-history":[{"count":32,"href":"https:\/\/marinasital.com\/index.php\/wp-json\/wp\/v2\/pages\/100\/revisions"}],"predecessor-version":[{"id":149,"href":"https:\/\/marinasital.com\/index.php\/wp-json\/wp\/v2\/pages\/100\/revisions\/149"}],"wp:attachment":[{"href":"https:\/\/marinasital.com\/index.php\/wp-json\/wp\/v2\/media?parent=100"}],"curies":[{"name":"wp","href":"https:\/\/api.w.org\/{rel}","templated":true}]}}