{"id":24,"date":"2024-09-10T09:05:17","date_gmt":"2024-09-10T07:05:17","guid":{"rendered":"http:\/\/marinasital.com\/?page_id=24"},"modified":"2024-09-10T09:37:32","modified_gmt":"2024-09-10T07:37:32","slug":"a-propos","status":"publish","type":"page","link":"https:\/\/marinasital.com\/index.php\/a-propos\/","title":{"rendered":"A propos"},"content":{"rendered":"\n<p>Ing\u00e9nieure de formation, j\u2019ai fait un virage \u00e0 180\u00b0 pour me plonger dans le <strong>marketing digital<\/strong> qui me passionne. Apr\u00e8s un <strong>Master sp\u00e9cialis\u00e9 \u00e0 Skema Business School<\/strong> \u00e0 Paris et quelques ann\u00e9es en agence de marketing, j\u2019ai d\u00e9cid\u00e9 de me lancer dans l&rsquo;entrepreneuriat. <\/p>\n\n\n\n<figure class=\"wp-block-gallery has-nested-images columns-default is-cropped wp-block-gallery-1 is-layout-flex wp-block-gallery-is-layout-flex\">\n<figure class=\"wp-block-image size-large\"><img loading=\"lazy\" decoding=\"async\" width=\"1012\" height=\"674\" data-id=\"35\" src=\"https:\/\/marinasital.com\/wp-content\/uploads\/2024\/09\/Capture-decran-2024-09-10-a-11.36.51.png\" alt=\"Marina Sital consultante et formatrice linkedin a propos\" class=\"wp-image-35\" srcset=\"https:\/\/marinasital.com\/wp-content\/uploads\/2024\/09\/Capture-decran-2024-09-10-a-11.36.51.png 1012w, https:\/\/marinasital.com\/wp-content\/uploads\/2024\/09\/Capture-decran-2024-09-10-a-11.36.51-300x200.png 300w, https:\/\/marinasital.com\/wp-content\/uploads\/2024\/09\/Capture-decran-2024-09-10-a-11.36.51-768x511.png 768w\" sizes=\"auto, (max-width: 1012px) 100vw, 1012px\" \/><\/figure>\n<\/figure>\n\n\n\n<h6 class=\"wp-block-heading has-text-align-center\">Photo <a href=\"http:\/\/brunodennemontphotographe.pixieset.com\" data-type=\"link\" data-id=\"brunodennemontphotographe.pixieset.com\" target=\"_blank\" rel=\"noreferrer noopener\">Bruno Dennemont<\/a><\/h6>\n\n\n\n<p>Pourquoi ? Par d\u00e9fi, mais surtout par envie de partager ma passion pour Linkedin.<\/p>\n\n\n\n<p>Depuis <strong>3 ans<\/strong>, j\u2019accompagne les professionnels qui veulent tirer le meilleur de <strong>LinkedIn<\/strong>. <\/p>\n\n\n\n<p>Que ce soit pour :<\/p>\n\n\n\n<ul class=\"wp-block-list\">\n<li>Booster leur <strong>notori\u00e9t\u00e9<\/strong>,<\/li>\n\n\n\n<li>Trouver des <strong>contacts qualifi\u00e9s<\/strong>,<\/li>\n\n\n\n<li>Ou renforcer leur <strong>marque employeur<\/strong>,<\/li>\n<\/ul>\n\n\n\n<p>Je les aide \u00e0 atteindre leurs objectifs sur ce r\u00e9seau social que j\u2019adore. <\/p>\n\n\n\n<p>Mes valeurs sont au c\u0153ur de tout ce que je fais. <\/p>\n\n\n\n<p>Je crois profond\u00e9ment \u00e0 l&rsquo;authenticit\u00e9, et pour moi, il est essentiel de rester vrai, aussi bien dans les relations que dans la communication. <\/p>\n\n\n\n<p>L\u2019innovation me passionne \u00e9galement, et j\u2019aime encourager mes clients \u00e0 oser des approches cr\u00e9atives.<\/p>\n\n\n\n<p>Au-del\u00e0 de tout \u00e7a, je m\u2019engage aussi \u00e0 soutenir des causes qui me tiennent \u00e0 c\u0153ur, comme l\u2019ONG <a href=\"https:\/\/www.chainedelespoir.org\/\" target=\"_blank\" rel=\"noreferrer noopener\">La Cha\u00eene de l\u2019Espoir<\/a>, qui sauve des enfants chaque jour gr\u00e2ce aux dons et aux b\u00e9n\u00e9voles. Je vous invite \u00e0 d\u00e9couvrir et soutenir leurs actions. <\/p>\n\n\n\n<p>Suivez-moi sur Linkedin <a href=\"https:\/\/www.linkedin.com\/in\/marina-sital\/\" target=\"_blank\" rel=\"noreferrer noopener\">Marina Sital<\/a><\/p>\n\n\n\n<p>Vous souhaitez me contacter pour \u00e9changer sur vos objectifs ? Prenez RDV en ligne <a href=\"https:\/\/calendly.com\/marinasital\/15min?month=2024-09\" target=\"_blank\" rel=\"noreferrer noopener\">ici<\/a><\/p>\n\n\n\n<p>Marina Sital<\/p>\n\n\n\n<p>0693481397 &#8211; contact@marinasital.com<\/p>\n\n\n\n<p><\/p>\n","protected":false},"excerpt":{"rendered":"<p>Ing\u00e9nieure de formation, j\u2019ai fait un virage \u00e0 180\u00b0 pour me plonger dans le marketing digital qui me passionne. Apr\u00e8s [&hellip;]<\/p>\n","protected":false},"author":1,"featured_media":0,"parent":0,"menu_order":0,"comment_status":"closed","ping_status":"closed","template":"","meta":{"site-sidebar-layout":"default","site-content-layout":"","ast-site-content-layout":"","site-content-style":"default","site-sidebar-style":"default","ast-global-header-display":"","ast-banner-title-visibility":"","ast-main-header-display":"","ast-hfb-above-header-display":"","ast-hfb-below-header-display":"","ast-hfb-mobile-header-display":"","site-post-title":"","ast-breadcrumbs-content":"","ast-featured-img":"","footer-sml-layout":"","theme-transparent-header-meta":"","adv-header-id-meta":"","stick-header-meta":"","header-above-stick-meta":"","header-main-stick-meta":"","header-below-stick-meta":"","astra-migrate-meta-layouts":"default","ast-page-background-enabled":"default","ast-page-background-meta":{"desktop":{"background-color":"var(--ast-global-color-4)","background-image":"","background-repeat":"repeat","background-position":"center center","background-size":"auto","background-attachment":"scroll","background-type":"","background-media":"","overlay-type":"","overlay-color":"","overlay-opacity":"","overlay-gradient":""},"tablet":{"background-color":"","background-image":"","background-repeat":"repeat","background-position":"center center","background-size":"auto","background-attachment":"scroll","background-type":"","background-media":"","overlay-type":"","overlay-color":"","overlay-opacity":"","overlay-gradient":""},"mobile":{"background-color":"","background-image":"","background-repeat":"repeat","background-position":"center center","background-size":"auto","background-attachment":"scroll","background-type":"","background-media":"","overlay-type":"","overlay-color":"","overlay-opacity":"","overlay-gradient":""}},"ast-content-background-meta":{"desktop":{"background-color":"var(--ast-global-color-5)","background-image":"","background-repeat":"repeat","background-position":"center center","background-size":"auto","background-attachment":"scroll","background-type":"","background-media":"","overlay-type":"","overlay-color":"","overlay-opacity":"","overlay-gradient":""},"tablet":{"background-color":"var(--ast-global-color-5)","background-image":"","background-repeat":"repeat","background-position":"center center","background-size":"auto","background-attachment":"scroll","background-type":"","background-media":"","overlay-type":"","overlay-color":"","overlay-opacity":"","overlay-gradient":""},"mobile":{"background-color":"var(--ast-global-color-5)","background-image":"","background-repeat":"repeat","background-position":"center center","background-size":"auto","background-attachment":"scroll","background-type":"","background-media":"","overlay-type":"","overlay-color":"","overlay-opacity":"","overlay-gradient":""}},"footnotes":""},"class_list":["post-24","page","type-page","status-publish","hentry"],"_links":{"self":[{"href":"https:\/\/marinasital.com\/index.php\/wp-json\/wp\/v2\/pages\/24","targetHints":{"allow":["GET"]}}],"collection":[{"href":"https:\/\/marinasital.com\/index.php\/wp-json\/wp\/v2\/pages"}],"about":[{"href":"https:\/\/marinasital.com\/index.php\/wp-json\/wp\/v2\/types\/page"}],"author":[{"embeddable":true,"href":"https:\/\/marinasital.com\/index.php\/wp-json\/wp\/v2\/users\/1"}],"replies":[{"embeddable":true,"href":"https:\/\/marinasital.com\/index.php\/wp-json\/wp\/v2\/comments?post=24"}],"version-history":[{"count":4,"href":"https:\/\/marinasital.com\/index.php\/wp-json\/wp\/v2\/pages\/24\/revisions"}],"predecessor-version":[{"id":36,"href":"https:\/\/marinasital.com\/index.php\/wp-json\/wp\/v2\/pages\/24\/revisions\/36"}],"wp:attachment":[{"href":"https:\/\/marinasital.com\/index.php\/wp-json\/wp\/v2\/media?parent=24"}],"curies":[{"name":"wp","href":"https:\/\/api.w.org\/{rel}","templated":true}]}}