{"id":74,"date":"2024-09-10T11:13:59","date_gmt":"2024-09-10T09:13:59","guid":{"rendered":"https:\/\/marinasital.com\/?page_id=74"},"modified":"2024-09-12T12:08:55","modified_gmt":"2024-09-12T10:08:55","slug":"contact","status":"publish","type":"page","link":"https:\/\/marinasital.com\/index.php\/contact\/","title":{"rendered":"Contact"},"content":{"rendered":"\n<p>Vous avez des questions, des objectifs en t\u00eate ou vous voulez simplement discuter de la meilleure fa\u00e7on d&rsquo;exploiter <strong>LinkedIn<\/strong> pour atteindre vos objectifs professionnels ? <\/p>\n\n\n\n<p>Vous \u00eates au bon endroit ! <\/p>\n\n\n\n<p>Je suis l\u00e0 pour vous aider \u00e0 <strong>gagner en visibilit\u00e9<\/strong>, \u00e0 <strong>trouver des prospects qualifi\u00e9s<\/strong> ou \u00e0 <strong>d\u00e9velopper votre marque employeur<\/strong> sur le r\u00e9seau social des professionnels.<\/p>\n\n\n\n<p id=\"Contact\"><strong>LinkedIn<\/strong> est un <strong>levier puissant<\/strong> pour connecter avec les bonnes personnes, g\u00e9n\u00e9rer des opportunit\u00e9s et construire une communaut\u00e9 solide autour de votre entreprise.<\/p>\n\n\n\n<p>Si vous voulez prendre en main votre strat\u00e9gie digitale et utiliser LinkedIn de mani\u00e8re efficace, je serais ravie de vous accompagner.<\/p>\n\n\n<p><!-- D\u00e9but de widget en ligne Calendly --><\/p>\n<div class=\"calendly-inline-widget\" data-url=\"https:\/\/calendly.com\/marinasital?hide_gdpr_banner=1\" style=\"min-width:320px;height:700px;\"><\/div>\n<p><script type=\"text\/javascript\" src=\"https:\/\/assets.calendly.com\/assets\/external\/widget.js\" async><\/script><br \/>\n<!-- Fin de widget en ligne Calendly --><\/p>\n","protected":false},"excerpt":{"rendered":"<p>Vous avez des questions, des objectifs en t\u00eate ou vous voulez simplement discuter de la meilleure fa\u00e7on d&rsquo;exploiter LinkedIn pour [&hellip;]<\/p>\n","protected":false},"author":1,"featured_media":0,"parent":0,"menu_order":0,"comment_status":"closed","ping_status":"closed","template":"","meta":{"site-sidebar-layout":"default","site-content-layout":"","ast-site-content-layout":"","site-content-style":"default","site-sidebar-style":"default","ast-global-header-display":"","ast-banner-title-visibility":"","ast-main-header-display":"","ast-hfb-above-header-display":"","ast-hfb-below-header-display":"","ast-hfb-mobile-header-display":"","site-post-title":"","ast-breadcrumbs-content":"","ast-featured-img":"","footer-sml-layout":"","theme-transparent-header-meta":"","adv-header-id-meta":"","stick-header-meta":"","header-above-stick-meta":"","header-main-stick-meta":"","header-below-stick-meta":"","astra-migrate-meta-layouts":"default","ast-page-background-enabled":"default","ast-page-background-meta":{"desktop":{"background-color":"var(--ast-global-color-4)","background-image":"","background-repeat":"repeat","background-position":"center center","background-size":"auto","background-attachment":"scroll","background-type":"","background-media":"","overlay-type":"","overlay-color":"","overlay-opacity":"","overlay-gradient":""},"tablet":{"background-color":"","background-image":"","background-repeat":"repeat","background-position":"center center","background-size":"auto","background-attachment":"scroll","background-type":"","background-media":"","overlay-type":"","overlay-color":"","overlay-opacity":"","overlay-gradient":""},"mobile":{"background-color":"","background-image":"","background-repeat":"repeat","background-position":"center center","background-size":"auto","background-attachment":"scroll","background-type":"","background-media":"","overlay-type":"","overlay-color":"","overlay-opacity":"","overlay-gradient":""}},"ast-content-background-meta":{"desktop":{"background-color":"var(--ast-global-color-5)","background-image":"","background-repeat":"repeat","background-position":"center center","background-size":"auto","background-attachment":"scroll","background-type":"","background-media":"","overlay-type":"","overlay-color":"","overlay-opacity":"","overlay-gradient":""},"tablet":{"background-color":"var(--ast-global-color-5)","background-image":"","background-repeat":"repeat","background-position":"center center","background-size":"auto","background-attachment":"scroll","background-type":"","background-media":"","overlay-type":"","overlay-color":"","overlay-opacity":"","overlay-gradient":""},"mobile":{"background-color":"var(--ast-global-color-5)","background-image":"","background-repeat":"repeat","background-position":"center center","background-size":"auto","background-attachment":"scroll","background-type":"","background-media":"","overlay-type":"","overlay-color":"","overlay-opacity":"","overlay-gradient":""}},"footnotes":""},"class_list":["post-74","page","type-page","status-publish","hentry"],"_links":{"self":[{"href":"https:\/\/marinasital.com\/index.php\/wp-json\/wp\/v2\/pages\/74","targetHints":{"allow":["GET"]}}],"collection":[{"href":"https:\/\/marinasital.com\/index.php\/wp-json\/wp\/v2\/pages"}],"about":[{"href":"https:\/\/marinasital.com\/index.php\/wp-json\/wp\/v2\/types\/page"}],"author":[{"embeddable":true,"href":"https:\/\/marinasital.com\/index.php\/wp-json\/wp\/v2\/users\/1"}],"replies":[{"embeddable":true,"href":"https:\/\/marinasital.com\/index.php\/wp-json\/wp\/v2\/comments?post=74"}],"version-history":[{"count":9,"href":"https:\/\/marinasital.com\/index.php\/wp-json\/wp\/v2\/pages\/74\/revisions"}],"predecessor-version":[{"id":154,"href":"https:\/\/marinasital.com\/index.php\/wp-json\/wp\/v2\/pages\/74\/revisions\/154"}],"wp:attachment":[{"href":"https:\/\/marinasital.com\/index.php\/wp-json\/wp\/v2\/media?parent=74"}],"curies":[{"name":"wp","href":"https:\/\/api.w.org\/{rel}","templated":true}]}}